{"id":510,"date":"2016-08-13T16:33:32","date_gmt":"2016-08-13T14:33:32","guid":{"rendered":"https:\/\/stadiums.kokscity.eu\/?page_id=510"},"modified":"2016-09-24T16:58:06","modified_gmt":"2016-09-24T14:58:06","slug":"under-construction","status":"publish","type":"page","link":"https:\/\/stadiums.kokscity.eu\/?page_id=510","title":{"rendered":"UC"},"content":{"rendered":"<p>These page(s) is(are) <strong><em>Under Construction<\/em><\/strong>.<\/p>\n<ul>\n<li>FL<\/li>\n<li>Ar t gro<\/li>\n<li>Dutch Grounds<\/li>\n<\/ul>\n<p>&nbsp;<\/p>\n<p>En construcci\u00f3n &#8211;\u00a0Under Construction &#8211;\u00a0In opbouw &#8211;\u00a0N\u00eb nd\u00ebrtim &#8211;\u00a0U izradi &#8211;\u00a0Under opbygning &#8211;\u00a0Bauarbeiten im Gange<br \/>\n&#8211;\u00a0\u00cen construc\u021bie &#8211;\u00a0\u00c1 dt\u00f3g\u00e1il &#8211;\u00a0In costruzione &#8211;\u00a0\u0412 \u0440\u0430\u0437\u0440\u0430\u0431\u043e\u0442\u043a\u0435 &#8211;\u00a0En construction &#8211;\u00a0\u03a5\u03c0\u03cc \u03ba\u03b1\u03c4\u03b1\u03c3\u03ba\u03b5\u03c5\u03ae &#8211;\u00a0W budowie<\/p>\n","protected":false},"excerpt":{"rendered":"<p>These page(s) is(are) Under Construction. FL Ar t gro Dutch Grounds &nbsp; En construcci\u00f3n &#8211;\u00a0Under Construction &#8211;\u00a0In opbouw &#8211;\u00a0N\u00eb nd\u00ebrtim &#8211;\u00a0U izradi &#8211;\u00a0Under opbygning &#8211;\u00a0Bauarbeiten im Gange &#8211;\u00a0\u00cen construc\u021bie &#8211;\u00a0\u00c1 dt\u00f3g\u00e1il &#8211;\u00a0In costruzione &#8211;\u00a0\u0412 \u0440\u0430\u0437\u0440\u0430\u0431\u043e\u0442\u043a\u0435 &#8211;\u00a0En construction &#8211;\u00a0\u03a5\u03c0\u03cc \u03ba\u03b1\u03c4\u03b1\u03c3\u03ba\u03b5\u03c5\u03ae &#8211;\u00a0W&hellip; <a href=\"https:\/\/stadiums.kokscity.eu\/?page_id=510\" class=\"more-link\">Continue Reading <span class=\"meta-nav\">&rarr;<\/span><\/a><\/p>\n","protected":false},"author":3729,"featured_media":0,"parent":0,"menu_order":0,"comment_status":"closed","ping_status":"closed","template":"","meta":{"footnotes":""},"_links":{"self":[{"href":"https:\/\/stadiums.kokscity.eu\/index.php?rest_route=\/wp\/v2\/pages\/510"}],"collection":[{"href":"https:\/\/stadiums.kokscity.eu\/index.php?rest_route=\/wp\/v2\/pages"}],"about":[{"href":"https:\/\/stadiums.kokscity.eu\/index.php?rest_route=\/wp\/v2\/types\/page"}],"author":[{"embeddable":true,"href":"https:\/\/stadiums.kokscity.eu\/index.php?rest_route=\/wp\/v2\/users\/3729"}],"replies":[{"embeddable":true,"href":"https:\/\/stadiums.kokscity.eu\/index.php?rest_route=%2Fwp%2Fv2%2Fcomments&post=510"}],"version-history":[{"count":12,"href":"https:\/\/stadiums.kokscity.eu\/index.php?rest_route=\/wp\/v2\/pages\/510\/revisions"}],"predecessor-version":[{"id":1463,"href":"https:\/\/stadiums.kokscity.eu\/index.php?rest_route=\/wp\/v2\/pages\/510\/revisions\/1463"}],"wp:attachment":[{"href":"https:\/\/stadiums.kokscity.eu\/index.php?rest_route=%2Fwp%2Fv2%2Fmedia&parent=510"}],"curies":[{"name":"wp","href":"https:\/\/api.w.org\/{rel}","templated":true}]}}